{"id":1748,"date":"2017-09-11T15:52:44","date_gmt":"2017-09-11T12:52:44","guid":{"rendered":"https:\/\/www.jazz.ee\/?page_id=1748"},"modified":"2018-02-02T08:23:38","modified_gmt":"2018-02-02T06:23:38","slug":"projects","status":"publish","type":"page","link":"https:\/\/jazz.ee\/en\/jazz-estonia\/projects\/","title":{"rendered":"Projects"},"content":{"rendered":"<div class=\"twocolumns\">\n<h3><a href=\"https:\/\/www.jazz.ee\/en\/estonian-jazz-union\/projects\/\"><strong>JAZZ LIVES IN A JAZZ CLUB<\/strong><\/a><\/h3>\n<p><strong>The aim of the project between the Jazz Estonia and Philly Joe&#8217;s Jazz Club is to introduce the bright universe of jazz music to children in a concert-chatting room environment.<\/strong><\/p>\n<p>The project begun from an idea to test the children and the young \u2013 are they able to forget the surroundings and focus on music? 45-minute long concert-chatting room takes its participants on a spirited journey to the bright universe of jazz music where Estonian jazz musicians talk about the birth and essence of jazz, play the most known pieces, introduce instruments and their own journey to music and reply to all possible questions. The highlight of every event is an authentic jam session. What&#8217;s special about this project is also the fact that these concerts-chatting rooms take place in a jazz club \u2013 the place where jazz music is born.<\/p>\n<p>Students\u2019 thoughts on this project:<\/p>\n<p><em>\u201cBeing the one who has not had much contact with jazz I was surprised how much I liked it, how every piece made me think about different things and how versatile jazz really is. What captivated me the most was when they asked the audience to come up with a theme and then put together an amazing piece.\u201d<\/em><\/p>\n<p><em>\u201cDuring the concert, I thought a lot about how open and free the thinking of jazz musicians can or has to be. Considering that part of their performance or the whole concert is based on improvisation, so being there in that moment and listening to it, it is wonderful and unbelievable.\u00a0The performers, when they are on stage, they create something completely new, something that no one else has ever heard before and something that no one else will ever hear again. In a way, it is like a secret or magic that is shared only between the audience and the performers.\u00a0The whole atmosphere of the club was very warm and caused a great desire to go back there and re-experience that kind of a concert.\u201d<\/em><\/p>\n<p>In 2017, students (aged 8 to 18) from the following schools took part in this project: Harkuj\u00e4rve P\u00f5hikool, Laulasmaa Kool, Gustab Adolfi G\u00fcmnaasium, Rocca al Mare Kool, Tallinna 32. Keskkool, Tallinna 21. Keskkool, N\u00f5mme P\u00f5hikool, Kostivere Kool, Saue G\u00fcmnaasium, Kiili G\u00fcmnaasium, Tallinna Euroopa Kool, P\u00e4\u00e4sk\u00fcla G\u00fcmnaasium, Loo Keskkool, Kadrioru Saksa G\u00fcmnaasium.<\/p>\n<p>Musicians who took part in the project were Kirku Karja, Anna Regina Kalk, Lauri Kadalipp, Martin-Eero K\u00f5ressaar, Karl Juhan Laanesaar, Siima Aimla, Kalle Pilli, Mart Soo, Ara Yaralyan, Ramuel Tafenau, Jaan Jaanson, Reigo Ahven, Marti T\u00e4rn, Rain R\u00e4mma, Marti Laas.<\/p>\n<p><strong>The author of the idea is Reigo Ahven, the founder of Philly Joe\u2019s Jazz Club, and the project leader from the Jazz Estonia is Pille Lukin-Kangur. The project is sponsored by the Gambling Tax Council. For additional information, email to <\/strong><a href=\"mailto:info@jazz.ee\"><strong>info@jazz.ee<\/strong><\/a><strong>.<\/strong><\/p>\n<p>&nbsp;<\/p>\n<p>&nbsp;<\/p>\n<h3><a href=\"https:\/\/www.jazz.ee\/en\/estonian-jazz-union\/projects\/\"><strong>JAZZ PRESENT TO EUROPE<\/strong><\/a><\/h3>\n<p><strong>Organised by the Jazz Estonia and Jazzkaar, the aim of the project \u201cJazz Present to Europe\u201d is to introduce the original Estonian jazz creation and musicians at prestigious European festivals.<\/strong><\/p>\n<p>To introduce Estonian jazz music and celebrate the centenary of the Republic of Estonia, the jazz present will reach Belgium, England, Finland, and Germany. The first festival attended was B-EST Jazz Fest in September 2017 in the Belgian capital Brussels where famous musicians from Belgium performed alongside Estonian artists. Estonia was represented by Maria Faust Sacrum Facere lead by the saxophonist and composer Maria Faust and Peedu Kass Momentum, the ensemble of bassist Peedu Kass.\u00a0 In November 2017, Estonian jazz will reach Finland and the UK. Three Estonian bands will perform in Tampere Jazz Happening, one of the oldest jazz festivals in Finland and winner of the European Jazz Network Award \u2013 Kirke Karja Quartet, Kadri Voorand &amp; Mihkel M\u00e4lgand duo, and Heavy Beauty.\u00a0At the most important jazz forum in Europe, the London Jazz Festival, five Estonian bands will perform \u2013 Weekend Guitar Trio, Kadri Voorand &amp; Mihkel M\u00e4lgand, Erki P\u00e4rnoja: Efterglow, Heavy Beauty, and Peedu Kass Momentum.<\/p>\n<p>In 2018, Estonian musicians can be heard in May at the XJAZZ festival in Berlin, Germany, in June at Elbjazz in Hamburg, Germany, and in July at Pori Jazz in Pori, Finland.<\/p>\n<p><strong>The project is made possible with the help of Estonian Tourist Board of Enterprise Estonia, Estonia 100, the Estonian Ministry of Culture, and the devotion of Estonian musicians.\u00a0For additional information, email to <\/strong><a href=\"mailto:info@jazz.ee\"><strong>info@jazz.ee<\/strong><\/a><strong>.<\/strong>\n<\/div>\n","protected":false},"excerpt":{"rendered":"<p>JAZZ LIVES IN A JAZZ CLUB The aim of the project between the Jazz Estonia and Philly Joe&#8217;s Jazz Club is to introduce the bright universe of jazz music to children in a concert-chatting room environment. The project begun from an idea to test the children and the young \u2013 are they able to forget [&hellip;]<\/p>\n","protected":false},"author":100002,"featured_media":0,"parent":1740,"menu_order":3,"comment_status":"closed","ping_status":"closed","template":"template-fullwidth.php","meta":{"_acf_changed":false,"footnotes":""},"class_list":["post-1748","page","type-page","status-publish","hentry"],"acf":[],"yoast_head":"<!-- This site is optimized with the Yoast SEO plugin v27.4 - https:\/\/yoast.com\/product\/yoast-seo-wordpress\/ -->\n<title>Projects - EESTI JAZZLIIT<\/title>\n<meta name=\"robots\" content=\"index, follow, max-snippet:-1, max-image-preview:large, max-video-preview:-1\" \/>\n<link rel=\"canonical\" href=\"https:\/\/www.jazz.ee\/en\/jazz-estonia\/projects\/\" \/>\n<meta property=\"og:locale\" content=\"en_US\" \/>\n<meta property=\"og:type\" content=\"article\" \/>\n<meta property=\"og:title\" content=\"Projects - EESTI JAZZLIIT\" \/>\n<meta property=\"og:description\" content=\"JAZZ LIVES IN A JAZZ CLUB The aim of the project between the Jazz Estonia and Philly Joe&#8217;s Jazz Club is to introduce the bright universe of jazz music to children in a concert-chatting room environment. The project begun from an idea to test the children and the young \u2013 are they able to forget [&hellip;]\" \/>\n<meta property=\"og:url\" content=\"https:\/\/www.jazz.ee\/en\/jazz-estonia\/projects\/\" \/>\n<meta property=\"og:site_name\" content=\"EESTI JAZZLIIT\" \/>\n<meta property=\"article:publisher\" content=\"https:\/\/www.facebook.com\/eestijazzliit\/\" \/>\n<meta property=\"article:modified_time\" content=\"2018-02-02T06:23:38+00:00\" \/>\n<meta name=\"twitter:card\" content=\"summary_large_image\" \/>\n<meta name=\"twitter:site\" content=\"@EstonianJazz\" \/>\n<meta name=\"twitter:label1\" content=\"Est. reading time\" \/>\n\t<meta name=\"twitter:data1\" content=\"4 minutes\" \/>\n<script type=\"application\/ld+json\" class=\"yoast-schema-graph\">{\"@context\":\"https:\\\/\\\/schema.org\",\"@graph\":[{\"@type\":\"WebPage\",\"@id\":\"https:\\\/\\\/www.jazz.ee\\\/en\\\/jazz-estonia\\\/projects\\\/\",\"url\":\"https:\\\/\\\/www.jazz.ee\\\/en\\\/jazz-estonia\\\/projects\\\/\",\"name\":\"Projects - EESTI JAZZLIIT\",\"isPartOf\":{\"@id\":\"https:\\\/\\\/jazz.ee\\\/#website\"},\"datePublished\":\"2017-09-11T12:52:44+00:00\",\"dateModified\":\"2018-02-02T06:23:38+00:00\",\"breadcrumb\":{\"@id\":\"https:\\\/\\\/www.jazz.ee\\\/en\\\/jazz-estonia\\\/projects\\\/#breadcrumb\"},\"inLanguage\":\"en-US\",\"potentialAction\":[{\"@type\":\"ReadAction\",\"target\":[\"https:\\\/\\\/www.jazz.ee\\\/en\\\/jazz-estonia\\\/projects\\\/\"]}]},{\"@type\":\"BreadcrumbList\",\"@id\":\"https:\\\/\\\/www.jazz.ee\\\/en\\\/jazz-estonia\\\/projects\\\/#breadcrumb\",\"itemListElement\":[{\"@type\":\"ListItem\",\"position\":1,\"name\":\"Home\",\"item\":\"https:\\\/\\\/jazz.ee\\\/en\\\/\"},{\"@type\":\"ListItem\",\"position\":2,\"name\":\"JAZZ ESTONIA\",\"item\":\"https:\\\/\\\/jazz.ee\\\/en\\\/jazz-estonia\\\/\"},{\"@type\":\"ListItem\",\"position\":3,\"name\":\"Projects\"}]},{\"@type\":\"WebSite\",\"@id\":\"https:\\\/\\\/jazz.ee\\\/#website\",\"url\":\"https:\\\/\\\/jazz.ee\\\/\",\"name\":\"EESTI JAZZLIIT\",\"description\":\"\",\"publisher\":{\"@id\":\"https:\\\/\\\/jazz.ee\\\/#organization\"},\"potentialAction\":[{\"@type\":\"SearchAction\",\"target\":{\"@type\":\"EntryPoint\",\"urlTemplate\":\"https:\\\/\\\/jazz.ee\\\/?s={search_term_string}\"},\"query-input\":{\"@type\":\"PropertyValueSpecification\",\"valueRequired\":true,\"valueName\":\"search_term_string\"}}],\"inLanguage\":\"en-US\"},{\"@type\":\"Organization\",\"@id\":\"https:\\\/\\\/jazz.ee\\\/#organization\",\"name\":\"EESTI JAZZLIIT\",\"url\":\"https:\\\/\\\/jazz.ee\\\/\",\"logo\":{\"@type\":\"ImageObject\",\"inLanguage\":\"en-US\",\"@id\":\"https:\\\/\\\/jazz.ee\\\/#\\\/schema\\\/logo\\\/image\\\/\",\"url\":\"https:\\\/\\\/www.jazz.ee\\\/wp-content\\\/uploads\\\/2023\\\/02\\\/site_logo_est.png\",\"contentUrl\":\"https:\\\/\\\/www.jazz.ee\\\/wp-content\\\/uploads\\\/2023\\\/02\\\/site_logo_est.png\",\"width\":300,\"height\":150,\"caption\":\"EESTI JAZZLIIT\"},\"image\":{\"@id\":\"https:\\\/\\\/jazz.ee\\\/#\\\/schema\\\/logo\\\/image\\\/\"},\"sameAs\":[\"https:\\\/\\\/www.facebook.com\\\/eestijazzliit\\\/\",\"https:\\\/\\\/x.com\\\/EstonianJazz\",\"https:\\\/\\\/www.instagram.com\\\/estonianjazz\\\/\"]}]}<\/script>\n<!-- \/ Yoast SEO plugin. -->","yoast_head_json":{"title":"Projects - EESTI JAZZLIIT","robots":{"index":"index","follow":"follow","max-snippet":"max-snippet:-1","max-image-preview":"max-image-preview:large","max-video-preview":"max-video-preview:-1"},"canonical":"https:\/\/www.jazz.ee\/en\/jazz-estonia\/projects\/","og_locale":"en_US","og_type":"article","og_title":"Projects - EESTI JAZZLIIT","og_description":"JAZZ LIVES IN A JAZZ CLUB The aim of the project between the Jazz Estonia and Philly Joe&#8217;s Jazz Club is to introduce the bright universe of jazz music to children in a concert-chatting room environment. The project begun from an idea to test the children and the young \u2013 are they able to forget [&hellip;]","og_url":"https:\/\/www.jazz.ee\/en\/jazz-estonia\/projects\/","og_site_name":"EESTI JAZZLIIT","article_publisher":"https:\/\/www.facebook.com\/eestijazzliit\/","article_modified_time":"2018-02-02T06:23:38+00:00","twitter_card":"summary_large_image","twitter_site":"@EstonianJazz","twitter_misc":{"Est. reading time":"4 minutes"},"schema":{"@context":"https:\/\/schema.org","@graph":[{"@type":"WebPage","@id":"https:\/\/www.jazz.ee\/en\/jazz-estonia\/projects\/","url":"https:\/\/www.jazz.ee\/en\/jazz-estonia\/projects\/","name":"Projects - EESTI JAZZLIIT","isPartOf":{"@id":"https:\/\/jazz.ee\/#website"},"datePublished":"2017-09-11T12:52:44+00:00","dateModified":"2018-02-02T06:23:38+00:00","breadcrumb":{"@id":"https:\/\/www.jazz.ee\/en\/jazz-estonia\/projects\/#breadcrumb"},"inLanguage":"en-US","potentialAction":[{"@type":"ReadAction","target":["https:\/\/www.jazz.ee\/en\/jazz-estonia\/projects\/"]}]},{"@type":"BreadcrumbList","@id":"https:\/\/www.jazz.ee\/en\/jazz-estonia\/projects\/#breadcrumb","itemListElement":[{"@type":"ListItem","position":1,"name":"Home","item":"https:\/\/jazz.ee\/en\/"},{"@type":"ListItem","position":2,"name":"JAZZ ESTONIA","item":"https:\/\/jazz.ee\/en\/jazz-estonia\/"},{"@type":"ListItem","position":3,"name":"Projects"}]},{"@type":"WebSite","@id":"https:\/\/jazz.ee\/#website","url":"https:\/\/jazz.ee\/","name":"EESTI JAZZLIIT","description":"","publisher":{"@id":"https:\/\/jazz.ee\/#organization"},"potentialAction":[{"@type":"SearchAction","target":{"@type":"EntryPoint","urlTemplate":"https:\/\/jazz.ee\/?s={search_term_string}"},"query-input":{"@type":"PropertyValueSpecification","valueRequired":true,"valueName":"search_term_string"}}],"inLanguage":"en-US"},{"@type":"Organization","@id":"https:\/\/jazz.ee\/#organization","name":"EESTI JAZZLIIT","url":"https:\/\/jazz.ee\/","logo":{"@type":"ImageObject","inLanguage":"en-US","@id":"https:\/\/jazz.ee\/#\/schema\/logo\/image\/","url":"https:\/\/www.jazz.ee\/wp-content\/uploads\/2023\/02\/site_logo_est.png","contentUrl":"https:\/\/www.jazz.ee\/wp-content\/uploads\/2023\/02\/site_logo_est.png","width":300,"height":150,"caption":"EESTI JAZZLIIT"},"image":{"@id":"https:\/\/jazz.ee\/#\/schema\/logo\/image\/"},"sameAs":["https:\/\/www.facebook.com\/eestijazzliit\/","https:\/\/x.com\/EstonianJazz","https:\/\/www.instagram.com\/estonianjazz\/"]}]}},"_links":{"self":[{"href":"https:\/\/jazz.ee\/en\/wp-json\/wp\/v2\/pages\/1748\/"}],"collection":[{"href":"https:\/\/jazz.ee\/en\/wp-json\/wp\/v2\/pages\/"}],"about":[{"href":"https:\/\/jazz.ee\/en\/wp-json\/wp\/v2\/types\/page\/"}],"author":[{"embeddable":true,"href":"https:\/\/jazz.ee\/en\/wp-json\/wp\/v2\/users\/100002\/"}],"replies":[{"embeddable":true,"href":"https:\/\/jazz.ee\/en\/wp-json\/wp\/v2\/comments\/?post=1748"}],"version-history":[{"count":5,"href":"https:\/\/jazz.ee\/en\/wp-json\/wp\/v2\/pages\/1748\/revisions\/"}],"predecessor-version":[{"id":3441,"href":"https:\/\/jazz.ee\/en\/wp-json\/wp\/v2\/pages\/1748\/revisions\/3441\/"}],"up":[{"embeddable":true,"href":"https:\/\/jazz.ee\/en\/wp-json\/wp\/v2\/pages\/1740\/"}],"wp:attachment":[{"href":"https:\/\/jazz.ee\/en\/wp-json\/wp\/v2\/media\/?parent=1748"}],"curies":[{"name":"wp","href":"https:\/\/api.w.org\/{rel}","templated":true}]}}